{"id":10,"date":"2024-11-26T10:30:15","date_gmt":"2024-11-26T13:30:15","guid":{"rendered":"http:\/\/planocoletivo.arq.br\/?page_id=10"},"modified":"2024-11-27T11:06:26","modified_gmt":"2024-11-27T14:06:26","slug":"10-2","status":"publish","type":"page","link":"http:\/\/planocoletivo.arq.br\/?page_id=10","title":{"rendered":""},"content":{"rendered":"\n<div class=\"wp-block-group alignfull has-global-padding is-content-justification-center is-layout-constrained wp-container-core-group-is-layout-df757ecc wp-block-group-is-layout-constrained\" style=\"margin-top:0;margin-bottom:0;padding-top:calc( 0.5 * var(--wp--style--root--padding-right, var(--wp--custom--gap--horizontal)));padding-right:var(--wp--style--root--padding-right, var(--wp--custom--gap--horizontal));padding-bottom:calc( 0.5 * var(--wp--style--root--padding-right, var(--wp--custom--gap--horizontal)));padding-left:var(--wp--style--root--padding-left, var(--wp--custom--gap--horizontal))\">\n<div class=\"wp-block-columns alignwide is-layout-flex wp-container-core-columns-is-layout-28f84493 wp-block-columns-is-layout-flex\">\n<div class=\"wp-block-column is-layout-flow wp-container-core-column-is-layout-22223934 wp-block-column-is-layout-flow\" style=\"flex-basis:50%\"><\/div>\n\n\n\n<div class=\"wp-block-column is-layout-flow wp-block-column-is-layout-flow\" style=\"flex-basis:50%\">\n<p>O <strong><a href=\"http:\/\/planocoletivo.arq.br\/?page_id=7\" data-type=\"page\" data-id=\"7\">PLANO COLETIVO<\/a><\/strong> \u00e9 um grupo de arquitetos, professores e pesquisadores que possuem interesses e forma\u00e7\u00f5es diversos e colaboram de forma livre em torno de dois objetivos comuns: discutir o territ\u00f3rio urbano como narrativa cr\u00edtica e refletir sobre arquitetura como a\u00e7\u00e3o socioambiental. Atualmente, o Plano Coletivo conta com dez integrantes que colaboram entre si de diferentes formas.<\/p>\n<\/div>\n<\/div>\n<\/div>\n\n\n\n<div class=\"wp-block-group alignfull has-global-padding is-content-justification-center is-layout-constrained wp-container-core-group-is-layout-df757ecc wp-block-group-is-layout-constrained\" style=\"margin-top:0;margin-bottom:0;padding-top:calc( 0.5 * var(--wp--style--root--padding-right, var(--wp--custom--gap--horizontal)));padding-right:var(--wp--style--root--padding-right, var(--wp--custom--gap--horizontal));padding-bottom:calc( 0.5 * var(--wp--style--root--padding-right, var(--wp--custom--gap--horizontal)));padding-left:var(--wp--style--root--padding-left, var(--wp--custom--gap--horizontal))\">\n<div class=\"wp-block-columns alignwide is-layout-flex wp-container-core-columns-is-layout-28f84493 wp-block-columns-is-layout-flex\">\n<div class=\"wp-block-column is-layout-flow wp-block-column-is-layout-flow\">\n<div class=\"wp-block-columns is-layout-flex wp-container-core-columns-is-layout-28f84493 wp-block-columns-is-layout-flex\">\n<div class=\"wp-block-column is-layout-flow wp-block-column-is-layout-flow\" style=\"flex-basis:100%\">\n<div class=\"wp-block-group has-global-padding is-content-justification-left is-layout-constrained wp-container-core-group-is-layout-12dd3699 wp-block-group-is-layout-constrained\">\n<details class=\"wp-block-details is-layout-flow wp-block-details-is-layout-flow\"><summary>Andr\u00e9 Velloso<br><span style=\"color: rgb(0, 0, 0);font-family: -webkit-standard;font-size: medium\"><\/span><\/summary>\n<p class=\"has-text-align-left\">arquiteto e urbanista (Universidade de Bras\u00edlia, 2010). S\u00f3cio diretor do escrit\u00f3rio ARQBR Arquitetura e Urbanismo.<\/p>\n<\/details>\n<\/div>\n<\/div>\n<\/div>\n\n\n\n<details class=\"wp-block-details is-layout-flow wp-block-details-is-layout-flow\"><summary>Carolina Pescatori<\/summary>\n<p>arquiteta e urbanista (Universidade de Bras\u00edlia, 2005). Professora da Faculdade de Arquitetura e Urbanismo da Universidade de Bras\u00edlia.<\/p>\n<\/details>\n\n\n\n<details class=\"wp-block-details is-layout-flow wp-block-details-is-layout-flow\"><summary>Cau\u00ea Capill\u00e9<\/summary>\n<p>arquiteto e urbanista (Universidade Federal do Rio de Janeiro, 2011). Professor na Faculdade de Arquitetura e Urbanismo da Universidade Federal do Rio de Janeiro.<\/p>\n<\/details>\n\n\n\n<details class=\"wp-block-details is-layout-flow wp-block-details-is-layout-flow\"><summary>Daniel Mangabeira<\/summary>\n<p>arquiteto e urbanista (Universidade de Bras\u00edlia, 1999). S\u00f3cio diretor do escrit\u00f3rio BLOCO Arquitetos.<\/p>\n<\/details>\n\n\n\n<details class=\"wp-block-details is-layout-flow wp-block-details-is-layout-flow\"><summary>Eder Alencar<\/summary>\n<p>arquiteto e urbanista (Universidade de Bras\u00edlia, 2010). S\u00f3cio diretor do escrit\u00f3rio ARQBR Arquitetura e Urbanismo.<\/p>\n<\/details>\n\n\n\n<details class=\"wp-block-details is-layout-flow wp-block-details-is-layout-flow\"><summary>Guilherme Lassance<\/summary>\n<p>arquiteto&nbsp;(\u00c9cole Nationale Sup\u00e9rieure d\u2019Architecture de Toulouse, 1992). Professor na Faculdade de Arquitetura e Urbanismo da Universidade Federal do Rio de Janeiro.<\/p>\n<\/details>\n\n\n\n<details class=\"wp-block-details is-layout-flow wp-block-details-is-layout-flow\"><summary>Henrique Coutinho<\/summary>\n<p>arquiteto e urbanista (Universidade de Bras\u00edlia, 1997). S\u00f3cio diretor do escrit\u00f3rio BLOCO Arquitetos.<\/p>\n<\/details>\n\n\n\n<details class=\"wp-block-details is-layout-flow wp-block-details-is-layout-flow\"><summary>Luciana Saboia<\/summary>\n<p>arquiteta e urbanista (Universidade de Bras\u00edlia, 1997). Professora da Faculdade de Arquitetura e Urbanismo da Universidade de Bras\u00edlia.<\/p>\n<\/details>\n\n\n\n<details class=\"wp-block-details is-layout-flow wp-block-details-is-layout-flow\"><summary>Matheus Seco<\/summary>\n<p>arquiteto e urbanista (Universidade de Bras\u00edlia, 1999). S\u00f3cio diretor do escrit\u00f3rio BLOCO Arquitetos.<\/p>\n<\/details>\n\n\n\n<details class=\"wp-block-details is-layout-flow wp-block-details-is-layout-flow\"><summary>S\u00e9rgio Marques<\/summary>\n<p>arquiteto e urbanista (Instituto Ritter dos Reis, 1984). Professor na Universidade Federal do Rio Grande do Sul.<\/p>\n<\/details>\n<\/div>\n<\/div>\n<\/div>\n","protected":false},"excerpt":{"rendered":"<p>O PLANO COLETIVO \u00e9 um grupo de arquitetos, professores e pesquisadores que possuem interesses e forma\u00e7\u00f5es diversos e colaboram de forma livre em torno de dois objetivos comuns: discutir o territ\u00f3rio urbano como narrativa cr\u00edtica e refletir sobre arquitetura como a\u00e7\u00e3o socioambiental. Atualmente, o Plano Coletivo conta com dez integrantes que colaboram entre si de [&hellip;]<\/p>\n","protected":false},"author":1,"featured_media":0,"parent":0,"menu_order":0,"comment_status":"closed","ping_status":"closed","template":"","meta":{"footnotes":""},"class_list":["post-10","page","type-page","status-publish","hentry"],"_links":{"self":[{"href":"http:\/\/planocoletivo.arq.br\/index.php?rest_route=\/wp\/v2\/pages\/10","targetHints":{"allow":["GET"]}}],"collection":[{"href":"http:\/\/planocoletivo.arq.br\/index.php?rest_route=\/wp\/v2\/pages"}],"about":[{"href":"http:\/\/planocoletivo.arq.br\/index.php?rest_route=\/wp\/v2\/types\/page"}],"author":[{"embeddable":true,"href":"http:\/\/planocoletivo.arq.br\/index.php?rest_route=\/wp\/v2\/users\/1"}],"replies":[{"embeddable":true,"href":"http:\/\/planocoletivo.arq.br\/index.php?rest_route=%2Fwp%2Fv2%2Fcomments&post=10"}],"version-history":[{"count":9,"href":"http:\/\/planocoletivo.arq.br\/index.php?rest_route=\/wp\/v2\/pages\/10\/revisions"}],"predecessor-version":[{"id":46,"href":"http:\/\/planocoletivo.arq.br\/index.php?rest_route=\/wp\/v2\/pages\/10\/revisions\/46"}],"wp:attachment":[{"href":"http:\/\/planocoletivo.arq.br\/index.php?rest_route=%2Fwp%2Fv2%2Fmedia&parent=10"}],"curies":[{"name":"wp","href":"https:\/\/api.w.org\/{rel}","templated":true}]}}